{"id":400,"date":"2015-10-30T15:54:50","date_gmt":"2015-10-30T13:54:50","guid":{"rendered":"http:\/\/www.rinta-aho.org\/blog\/?page_id=400"},"modified":"2015-11-02T16:46:55","modified_gmt":"2015-11-02T14:46:55","slug":"papers","status":"publish","type":"page","link":"http:\/\/www.rinta-aho.org\/blog\/papers\/","title":{"rendered":"Papers"},"content":{"rendered":"<h2>Suomeksi &#8211; in Finnish<\/h2>\n<p>T. Rinta-aho: Elektroniset maksuv\u00e4lineet &#8211;\u00a0<a href=\"\/papers\/Elektroniset_maksuvalineet.pdf\">pdf<\/a> |\u00a0<a href=\"\/papers\/Elektroniset_maksuvalineet.ps\">ps<\/a><br \/>\n<i>Elektronisen kaupank\u00e4ynnin seminaari, Helsingin yliopisto<\/i><\/p>\n<p>T. Rinta-aho: Kuorman hajauttaminen hajautetussa j\u00e4rjestelm\u00e4ss\u00e4 &#8211;\u00a0<a href=\"\/papers\/kuormanhajautus.ps\">ps<\/a><br \/>\n<i>Tieteellisen kirjoittamisen kurssi, Helsingin yliopisto<\/i><\/p>\n<p>T. Saarinen et al.: Vertical handover: Onko verkolla v\u00e4li\u00e4? &#8211;\u00a0<a href=\"\/papers\/VHO.pdf\">pdf<\/a><br \/>\n<i>Prosessori (Elektroniikan suunnittelu), Marraskuu 2004<\/i><\/p>\n<p>Ambient Networks<br \/>\n<i>Prosessori (Elektroniikan suunnittelu), Marraskuu 2005<\/i><\/p>\n<h2>Englanniksi &#8211; in English<\/h2>\n<h3>1999<\/h3>\n<p>K. Risku, T. Rinta-aho: Proactive Caching of Database Queries for Web Use &#8211;\u00a0<a href=\"\/papers\/HICSS_querycache.pdf\">pdf<\/a><br \/>\n<i>33rd Hawaii International Conference on System Sciences<\/i><\/p>\n<h3>2000<\/h3>\n<p>T. Rinta-aho: Mobile IP &#8211;\u00a0<a href=\"\/papers\/mobileip.ps\">ps<\/a><br \/>\n<i>Seminar on Internet protocols, University of Helsinki<\/i><\/p>\n<h3>2001<\/h3>\n<p>T. Rinta-aho: Anonymous Mobile Internet Access &#8211;\u00a0<a href=\"\/papers\/gradu.pdf\">pdf<\/a> | <a href=\"\/papers\/gradu.ps\">ps<\/a><br \/>\n<i>Master&#8217;s Thesis<\/i><\/p>\n<p>P. Jokela, T. Rinta-aho, J. Wall: Multiaddress Bindings in Mobile IPv6 &#8211;\u00a0<a href=\"\/papers\/multiaddress.pdf\">pdf<\/a><br \/>\n<i>Finnish Wireless Communications Workshop 2001 (FWCW&#8217;01)<\/i><\/p>\n<h3>2004<\/h3>\n<p>P. Jokela et al.: Handover Performance with HIP and MIPv6 &#8211;\u00a0<a href=\"\/papers\/ISWCS04.pdf\">pdf<\/a><br \/>\n<i>1st International Symposium on Wireless Communication Systems (ISWCS&#8217;04)<\/i><\/p>\n<h3>2005<\/h3>\n<p>V. Typp\u00f6 et al.: Triggering Multi-dimensional Mobility in Ambient Networks &#8211;\u00a0<a href=\"\/papers\/ISTsummit2005_Triggering.pdf\">pdf<\/a><br \/>\n<i>14th IST Mobile &amp; Wireless Communications Summit (IST&#8217;05)<\/i><\/p>\n<p>I. Gronbak, T. Rinta-aho, T. Jokikyyny: A Service Oriented Architecture for Multi-domain Mobility &#8211;\u00a0<a href=\"\/papers\/servarch.pdf\">pdf<\/a><br \/>\n<i>12th International Conference on Telecommunications (ICT 2005)<\/i><\/p>\n<h3>2006<\/h3>\n<p>J. Sachs, M. Kampmann, J. Lundsj\u00f6, F. Meago, T. Rinta-aho, B. Tharon: Continuous Connectivity in Ambient Networks &#8211;\u00a0<a href=\"\/papers\/ASTF_ISTmobile_summit06-camera-ready.pdf\">pdf<\/a><br \/>\n<i>15th IST Mobile &amp; Wireless Communications Summit 2006 (IST 2006)<\/i><\/p>\n<p>M. Johnsson, J. Sachs, T. Jokikyyny, T. Rinta-aho: Ambient Networks A Framework for Multi-Access Control in Heterogeneous Networks &#8211; <a href=\"\/papers\/an_vtc2006fall.pdf\">pdf<\/a><br \/>\n<i>IEEE Vehicular Technology Conference 2006 Fall (VTC2006-Fall)<\/i><\/p>\n<p>M. Georgiades, F. Meago, T. Rinta-aho: Ambient Networks Handover Management &#8211; <a href=\"\/papers\/xxx.pdf\">pdf<\/a><br \/>\n<i>WWRF #17<\/i><\/p>\n<h3>2007<\/h3>\n<p>T. Rinta-aho, R. Campos, A. Mehes, U. Meyer, J. Sachs, G. Selander: Ambient Network Attachment &#8211; <a href=\"\/papers\/ANA-IST2007-submitted.pdf\">pdf<\/a><br \/>\n<i>16th IST Mobile &amp; Wireless Communications Summit 2007 (IST 2007)<\/i><\/p>\n<p>J. Sachs, R. Aguero, K. Daoud, J. Gebert, G.P. Koudouridis, F. Meago, M. Prytz, T. Rinta-aho, H. Tang: Generic Abstraction of Access Performance and Resources for Multi-Radio Access Management &#8211; pdf<br \/>\n<i>16th IST Mobile &amp; Wireless Communications Summit 2007 (IST 2007)<\/i><\/p>\n<p>G.P. Koudouridis, R. Aguero, K. Daoud, J. Gebert, M. Prytz, T. Rinta-aho, J. Sachs, H. Tang: Access Flow Based Multi-Radio Access Connectivity &#8211; <a href=\"\/papers\/PIMRC2007_MRA_connectivity-cameraready.pdf\">pdf<\/a><br \/>\n<i>PIMRC 2007<\/i><\/p>\n<p>T. Rinta-aho, N. Akthar, O. Queseth, J. Sachs: Ambient Network Advertisements &#8211; <a href=\"\/papers\/M2NM_anadv.pdf\">pdf<\/a><br \/>\n<i>M2NM 2007<\/i><\/p>\n<p>J. Korhonen, A. Makela, T. Rinta-aho: HIP Based Network Access Protocol in Operator Network Deployments &#8211; <a href=\"\/papers\/M2NM_napi.pdf\">pdf<\/a><br \/>\n<i>M2NM 2007<\/i><\/p>\n<p>M. Kampmann et al.: Dynamic Adaptable Overlay Networks for Personalised Service Delivery &#8211; <a href=\"\/papers\/M2NM_overlay.pdf\">pdf<\/a><br \/>\n<i>M2NM 2007<\/i><\/p>\n<h3>2008<\/h3>\n<p>Mikko Sarela, Teemu Rinta-aho, Sasu Tarkoma: RTFM: Publish\/Subscribe Internetworking Architecture &#8211; <a href=\"\/papers\/ICT_2008_RTFM_published.pdf\">pdf<\/a><br \/>\n<i>ICT Mobile Summit 2008<\/i><\/p>\n<h3>2010<\/h3>\n<p>James Kempf, Pekka Nikander, Sameer D. Sahasrabuddhe, Teemu Rinta-aho, Benny Nyman: Towards Software-defined Silicon: Experiences in Compiling Click to NetFPGA &#8211;\u00a0<a href=\"\/papers\/NetFPGA2010-Cmb-nikander.pdf\">pdf<\/a><br \/>\n<i>1st European NetFPGA Developers Workshop<\/i><\/p>\n<h3>2011<\/h3>\n<p>Teemu Rinta-aho, Adnan Ghani, Sameer D. Sahasrabuddhe, Pekka Nikander: Towards Software-defined Silicon: Applying LLVM to Simplifying Software &#8211; <a href=\"\/papers\/wish-click2netfpga.pdf\">pdf<\/a> | <a href=\"\/papers\/Click2LLVM-WISH2011.pdf\">slides<\/a><br \/>\n<i>WISH &#8211; 3rd Workshop on Infrastructures for Software\/Hardware co-design<\/i><\/p>\n<h3>2012<\/h3>\n<p>Teemu Rinta-aho, Mika Karlstedt, Madhav P. Desai: The Click2NetFPGA Toolchain &#8211; <a href=\"\/papers\/atc12-final16.pdf\">pdf<\/a><br \/>\n<i>2012 USENIX Annual Technical Conference<\/i><\/p>\n","protected":false},"excerpt":{"rendered":"<p>Suomeksi &#8211; in Finnish T. Rinta-aho: Elektroniset maksuv\u00e4lineet &#8211;\u00a0pdf |\u00a0ps Elektronisen kaupank\u00e4ynnin seminaari, Helsingin yliopisto T. Rinta-aho: Kuorman hajauttaminen hajautetussa j\u00e4rjestelm\u00e4ss\u00e4 &#8211;\u00a0ps Tieteellisen kirjoittamisen kurssi, Helsingin yliopisto T. Saarinen et al.: Vertical handover: Onko verkolla v\u00e4li\u00e4? &#8211;\u00a0pdf Prosessori (Elektroniikan suunnittelu), Marraskuu 2004 Ambient Networks Prosessori (Elektroniikan suunnittelu), Marraskuu 2005 Englanniksi &#8211; in English 1999 K. &hellip; <\/p>\n<p class=\"link-more\"><a href=\"http:\/\/www.rinta-aho.org\/blog\/papers\/\" class=\"more-link\">Continue reading<span class=\"screen-reader-text\"> &#8220;Papers&#8221;<\/span><\/a><\/p>\n","protected":false},"author":2,"featured_media":0,"parent":0,"menu_order":0,"comment_status":"closed","ping_status":"closed","template":"onecolumn-page.php","meta":{"footnotes":""},"class_list":["post-400","page","type-page","status-publish","hentry"],"_links":{"self":[{"href":"http:\/\/www.rinta-aho.org\/blog\/wp-json\/wp\/v2\/pages\/400","targetHints":{"allow":["GET"]}}],"collection":[{"href":"http:\/\/www.rinta-aho.org\/blog\/wp-json\/wp\/v2\/pages"}],"about":[{"href":"http:\/\/www.rinta-aho.org\/blog\/wp-json\/wp\/v2\/types\/page"}],"author":[{"embeddable":true,"href":"http:\/\/www.rinta-aho.org\/blog\/wp-json\/wp\/v2\/users\/2"}],"replies":[{"embeddable":true,"href":"http:\/\/www.rinta-aho.org\/blog\/wp-json\/wp\/v2\/comments?post=400"}],"version-history":[{"count":9,"href":"http:\/\/www.rinta-aho.org\/blog\/wp-json\/wp\/v2\/pages\/400\/revisions"}],"predecessor-version":[{"id":409,"href":"http:\/\/www.rinta-aho.org\/blog\/wp-json\/wp\/v2\/pages\/400\/revisions\/409"}],"wp:attachment":[{"href":"http:\/\/www.rinta-aho.org\/blog\/wp-json\/wp\/v2\/media?parent=400"}],"curies":[{"name":"wp","href":"https:\/\/api.w.org\/{rel}","templated":true}]}}